{"id":7,"date":"2013-05-23T10:43:20","date_gmt":"2013-05-23T10:43:20","guid":{"rendered":"http:\/\/192.168.61.128\/wordpress\/?page_id=6"},"modified":"2026-03-24T18:20:22","modified_gmt":"2026-03-24T16:20:22","slug":"startseite","status":"publish","type":"page","link":"https:\/\/www.goldenfighters.at\/wp-db\/","title":{"rendered":"STARTSEITE"},"content":{"rendered":"<p><strong>\u00a0<\/strong><\/p>\n<h1>Willkommen beim FITNESSBOXEN<\/h1>\n<p>&nbsp;<\/p>\n<p><strong><\/strong><br \/>\n<strong>Boxen f\u00fcr Frauen und M\u00e4nner, Jung und Alt<\/strong><\/p>\n<p><a href=\"https:\/\/www.goldenfighters.at\/wp-db\/wp-content\/uploads\/2013\/05\/D80_2942.jpg\"><img loading=\"lazy\" decoding=\"async\" class=\"alignnone size-medium wp-image-79\" alt=\"D80_2942\" src=\"https:\/\/www.goldenfighters.at\/wp-db\/wp-content\/uploads\/2013\/05\/D80_2942-300x200.jpg\" width=\"300\" height=\"200\" srcset=\"https:\/\/www.goldenfighters.at\/wp-db\/wp-content\/uploads\/2013\/05\/D80_2942-300x200.jpg 300w, https:\/\/www.goldenfighters.at\/wp-db\/wp-content\/uploads\/2013\/05\/D80_2942-1024x683.jpg 1024w, https:\/\/www.goldenfighters.at\/wp-db\/wp-content\/uploads\/2013\/05\/D80_2942-449x300.jpg 449w, https:\/\/www.goldenfighters.at\/wp-db\/wp-content\/uploads\/2013\/05\/D80_2942.jpg 1920w\" sizes=\"auto, (max-width: 300px) 100vw, 300px\" \/><\/a><\/p>\n<p>Fitness-Boxen ist ein<\/p>\n<ul>\n<li>\u00a0ideales Fitnesstraining f\u00fcr Geist und K\u00f6rper<\/li>\n<\/ul>\n<p>Fitness-Boxtraining<\/p>\n<ul>\n<li>fordert den ganzen K\u00f6rper<\/li>\n<li>steigert die Kraft, Ausdauer, Reaktionsf\u00e4higkeit, Geschicklichkeit,<br \/>\nSchnelligkeit und Koordinationsf\u00e4higkeit<\/li>\n<li>sorgt f\u00fcr Abbau der Aggressionen<\/li>\n<li>steigert das Selbstvertrauen<\/li>\n<\/ul>\n<p>Fitness-Boxen ist gesund<\/p>\n<ul>\n<li>weil Fitnessboxen ausschlie\u00dflich durch unsere geschulten Trainer<br \/>\nmit langj\u00e4hriger Praxis gelehrt wird<\/li>\n<\/ul>\n","protected":false},"excerpt":{"rendered":"<p>\u00a0 Willkommen beim FITNESSBOXEN &nbsp; Boxen f\u00fcr Frauen und M\u00e4nner, Jung und Alt Fitness-Boxen ist ein \u00a0ideales Fitnesstraining f\u00fcr Geist und K\u00f6rper Fitness-Boxtraining fordert den ganzen K\u00f6rper steigert die Kraft, Ausdauer, Reaktionsf\u00e4higkeit, Geschicklichkeit, Schnelligkeit und Koordinationsf\u00e4higkeit sorgt f\u00fcr Abbau der &hellip; <a href=\"https:\/\/www.goldenfighters.at\/wp-db\/\">Weiterlesen <span class=\"meta-nav\">&rarr;<\/span><\/a><\/p>\n","protected":false},"author":1,"featured_media":0,"parent":0,"menu_order":0,"comment_status":"closed","ping_status":"open","template":"","meta":{"footnotes":""},"class_list":["post-7","page","type-page","status-publish","hentry"],"_links":{"self":[{"href":"https:\/\/www.goldenfighters.at\/wp-db\/index.php?rest_route=\/wp\/v2\/pages\/7","targetHints":{"allow":["GET"]}}],"collection":[{"href":"https:\/\/www.goldenfighters.at\/wp-db\/index.php?rest_route=\/wp\/v2\/pages"}],"about":[{"href":"https:\/\/www.goldenfighters.at\/wp-db\/index.php?rest_route=\/wp\/v2\/types\/page"}],"author":[{"embeddable":true,"href":"https:\/\/www.goldenfighters.at\/wp-db\/index.php?rest_route=\/wp\/v2\/users\/1"}],"replies":[{"embeddable":true,"href":"https:\/\/www.goldenfighters.at\/wp-db\/index.php?rest_route=%2Fwp%2Fv2%2Fcomments&post=7"}],"version-history":[{"count":20,"href":"https:\/\/www.goldenfighters.at\/wp-db\/index.php?rest_route=\/wp\/v2\/pages\/7\/revisions"}],"predecessor-version":[{"id":151,"href":"https:\/\/www.goldenfighters.at\/wp-db\/index.php?rest_route=\/wp\/v2\/pages\/7\/revisions\/151"}],"wp:attachment":[{"href":"https:\/\/www.goldenfighters.at\/wp-db\/index.php?rest_route=%2Fwp%2Fv2%2Fmedia&parent=7"}],"curies":[{"name":"wp","href":"https:\/\/api.w.org\/{rel}","templated":true}]}}