{"id":17,"date":"2013-05-23T10:43:24","date_gmt":"2013-05-23T10:43:24","guid":{"rendered":"http:\/\/192.168.61.128\/wordpress\/?page_id=17"},"modified":"2026-04-14T10:47:10","modified_gmt":"2026-04-14T08:47:10","slug":"training","status":"publish","type":"page","link":"https:\/\/www.goldenfighters.at\/wp-db\/?page_id=17","title":{"rendered":"TRAINING ANMELDUNG"},"content":{"rendered":"<p><strong>Das Training \u2013 Frauen und M\u00e4nner, Boxen f\u00fcr Jung und Alt<\/strong><\/p>\n<p><span style=\"text-decoration: underline;\"><strong>Trainingsorte:<\/strong><\/span><strong>\u00a0\u00a0<\/strong><\/p>\n<p><strong>Dienstag:\u00a0<\/strong>NMS Albert Schweitzer\u00a0&#8211; Turnsaal\u00a0 (Grieskai 62, 8010, Graz)<\/p>\n<p><span style=\"text-decoration: underline;\"><strong>Trainingszeiten momentan 1 Mal w\u00f6chentlich:\u00a0<\/strong><\/span><strong>\u00a0\u00a0<\/strong><\/p>\n<p><strong>An Schultagen:\u00a0\u00a0 Dienstag: 18.30 &#8211;\u00a020.00 Uhr\u00a0 <\/strong><br \/>\n<em>(an schulfreien Tagen findet kein Training statt)<\/em><\/p>\n<p><span style=\"text-decoration: underline;\">SS2026:<\/span> Trainingsbeginn am Di 24.02.2026 (letztes Training 30.06.2026)<\/p>\n<p><span style=\"text-decoration: underline;\"><strong>Parken:<\/strong><\/span><br \/>\nGratis Parkm\u00f6glichkeit<\/p>\n<p><span style=\"text-decoration: underline;\"><strong>Mitgliedsbeitrag:<\/strong><\/span><br \/>\nErstes Schnuppertraining GRATIS !!<br \/>\npro Monat \u20ac 25,&#8211;\u00a0\u00a0\u00a0\u00a0 bei Vorauszahlung von 3 Monaten EUR 70,&#8211;<\/p>\n<p style=\"text-align: left;\"><strong><span style=\"text-decoration: underline;\">Schnuppertraining<\/span><br \/>\n<\/strong>Ein Schnuppertraining ist gratis.<br \/>\nIhr kommt einfach an einem Trainingstag (siehe oben) mit Turngewand (Turnschuhe mit heller Sohle) mind. 15-20 min vor Trainingsbeginn vorbei und probiert es aus. Alles weitere wird nach dem Training besprochen.<\/p>\n<p style=\"text-align: left;\"><strong><span style=\"text-decoration: underline;\">Anmeldung<\/span><br \/>\n<\/strong>Direkt beim ersten Schnuppertraining. Die Beitrittserkl\u00e4rung kannst du unter folgendem Link herunterladen und beim zweiten Training ausgef\u00fcllt abgeben. \u00d6ffne die Betrittserkl\u00e4rung durch Mausklick auf folgendem Link: <strong><a href=\"https:\/\/www.goldenfighters.at\/wp-db\/wp-content\/uploads\/2013\/05\/BGF_Beitrittserkl\u00e4rung_20190105.pdf\">BGF_Beitrittserkl\u00e4rung_20190105<\/a>\u00a0<\/strong><\/p>\n<p><span style=\"text-decoration: underline;\"><strong>Unsere Trainer<\/strong><\/span><\/p>\n<p><a href=\"https:\/\/www.goldenfighters.at\/wp-db\/wp-content\/uploads\/2013\/05\/D80_29811.jpg\"><img loading=\"lazy\" decoding=\"async\" class=\"alignleft  wp-image-116\" src=\"https:\/\/www.goldenfighters.at\/wp-db\/wp-content\/uploads\/2013\/05\/D80_29811-232x300.jpg\" alt=\"D80_2981\" width=\"232\" height=\"300\" srcset=\"https:\/\/www.goldenfighters.at\/wp-db\/wp-content\/uploads\/2013\/05\/D80_29811-232x300.jpg 232w, https:\/\/www.goldenfighters.at\/wp-db\/wp-content\/uploads\/2013\/05\/D80_29811-792x1024.jpg 792w, https:\/\/www.goldenfighters.at\/wp-db\/wp-content\/uploads\/2013\/05\/D80_29811.jpg 990w\" sizes=\"auto, (max-width: 232px) 100vw, 232px\" \/><\/a><\/p>\n<ul>\n<li><strong>Alfred Zach<\/strong><\/li>\n<\/ul>\n<ul>\n<li><strong>Gerhard Poms<\/strong><\/li>\n<\/ul>\n<ul>\n<li><strong>Philipp Huber<\/strong><\/li>\n<\/ul>\n<ul>\n<li><strong>Herbert Mehringer<\/strong><\/li>\n<\/ul>\n<ul>\n<li><strong>Heimo Almer<\/strong><\/li>\n<\/ul>\n<p>&nbsp;<\/p>\n","protected":false},"excerpt":{"rendered":"<p>Das Training \u2013 Frauen und M\u00e4nner, Boxen f\u00fcr Jung und Alt Trainingsorte:\u00a0\u00a0 Dienstag:\u00a0NMS Albert Schweitzer\u00a0&#8211; Turnsaal\u00a0 (Grieskai 62, 8010, Graz) Trainingszeiten momentan 1 Mal w\u00f6chentlich:\u00a0\u00a0\u00a0 An Schultagen:\u00a0\u00a0 Dienstag: 18.30 &#8211;\u00a020.00 Uhr\u00a0 (an schulfreien Tagen findet kein Training statt) SS2026: Trainingsbeginn &hellip; <a href=\"https:\/\/www.goldenfighters.at\/wp-db\/?page_id=17\">Weiterlesen <span class=\"meta-nav\">&rarr;<\/span><\/a><\/p>\n","protected":false},"author":1,"featured_media":0,"parent":0,"menu_order":0,"comment_status":"closed","ping_status":"open","template":"","meta":{"footnotes":""},"class_list":["post-17","page","type-page","status-publish","hentry"],"_links":{"self":[{"href":"https:\/\/www.goldenfighters.at\/wp-db\/index.php?rest_route=\/wp\/v2\/pages\/17","targetHints":{"allow":["GET"]}}],"collection":[{"href":"https:\/\/www.goldenfighters.at\/wp-db\/index.php?rest_route=\/wp\/v2\/pages"}],"about":[{"href":"https:\/\/www.goldenfighters.at\/wp-db\/index.php?rest_route=\/wp\/v2\/types\/page"}],"author":[{"embeddable":true,"href":"https:\/\/www.goldenfighters.at\/wp-db\/index.php?rest_route=\/wp\/v2\/users\/1"}],"replies":[{"embeddable":true,"href":"https:\/\/www.goldenfighters.at\/wp-db\/index.php?rest_route=%2Fwp%2Fv2%2Fcomments&post=17"}],"version-history":[{"count":60,"href":"https:\/\/www.goldenfighters.at\/wp-db\/index.php?rest_route=\/wp\/v2\/pages\/17\/revisions"}],"predecessor-version":[{"id":532,"href":"https:\/\/www.goldenfighters.at\/wp-db\/index.php?rest_route=\/wp\/v2\/pages\/17\/revisions\/532"}],"wp:attachment":[{"href":"https:\/\/www.goldenfighters.at\/wp-db\/index.php?rest_route=%2Fwp%2Fv2%2Fmedia&parent=17"}],"curies":[{"name":"wp","href":"https:\/\/api.w.org\/{rel}","templated":true}]}}