{"id":14,"date":"2014-04-16T10:43:30","date_gmt":"2014-04-16T08:43:30","guid":{"rendered":"http:\/\/192.168.61.128\/wordpress\/?page_id=14"},"modified":"2026-03-24T18:20:22","modified_gmt":"2026-03-24T16:20:22","slug":"uber-uns","status":"publish","type":"page","link":"https:\/\/www.goldenfighters.at\/wp-db\/?page_id=14","title":{"rendered":"\u00dcBER UNS"},"content":{"rendered":"<p><strong>\u00dcBER UNS<\/strong><\/p>\n<p>&nbsp;<\/p>\n<p><img loading=\"lazy\" decoding=\"async\" class=\"alignleft\" src=\"https:\/\/www.goldenfighters.at\/wp-db\/wp-content\/uploads\/2013\/05\/D80_2567-200x300.jpg\" alt=\"D80_2567\" width=\"200\" height=\"300\" \/><\/p>\n<p><strong>Obmann<\/strong><\/p>\n<p><strong>Alfred Zach<\/strong><\/p>\n<p>4-facher \u00f6sterreichischer Meister,<br \/>\n8-facher steirischer Meister,<br \/>\n4-facher \u00f6sterreichischer Unionmeister<\/p>\n<p>&nbsp;<\/p>\n<p>&nbsp;<\/p>\n<p>&nbsp;<\/p>\n<p>&nbsp;<\/p>\n<p>&nbsp;<\/p>\n<p><a href=\"https:\/\/www.goldenfighters.at\/wp-db\/wp-content\/uploads\/2013\/05\/D80_2570.jpg\"><img loading=\"lazy\" decoding=\"async\" class=\"alignleft size-medium wp-image-87\" src=\"https:\/\/www.goldenfighters.at\/wp-db\/wp-content\/uploads\/2013\/05\/D80_2570-200x300.jpg\" alt=\"D80_2570\" width=\"200\" height=\"300\" srcset=\"https:\/\/www.goldenfighters.at\/wp-db\/wp-content\/uploads\/2013\/05\/D80_2570-200x300.jpg 200w, https:\/\/www.goldenfighters.at\/wp-db\/wp-content\/uploads\/2013\/05\/D80_2570-683x1024.jpg 683w, https:\/\/www.goldenfighters.at\/wp-db\/wp-content\/uploads\/2013\/05\/D80_2570.jpg 854w\" sizes=\"auto, (max-width: 200px) 100vw, 200px\" \/><\/a><strong>1. Obmann Stellvertreter<\/strong><\/p>\n<p><strong>Philipp Huber<\/strong><\/p>\n<p>Steir. Meister Halb Welter<br \/>\n2-mal Silber bei der \u00f6sterr. Meisterschaft Leichtgewicht<br \/>\n\u00dcbungsleiter des \u00f6sterr. Boxverbandes<\/p>\n<p>&nbsp;<\/p>\n<p>&nbsp;<\/p>\n<p>&nbsp;<\/p>\n<p>&nbsp;<\/p>\n<p>&nbsp;<\/p>\n<p><img loading=\"lazy\" decoding=\"async\" class=\"alignleft\" src=\"https:\/\/www.goldenfighters.at\/wp-db\/wp-content\/uploads\/2013\/05\/D80_2568-200x300.jpg\" alt=\"D80_2568\" width=\"200\" height=\"300\" \/><\/p>\n<p><strong>Beirat<\/strong><\/p>\n<p><strong>Gerhard Poms<\/strong><\/p>\n<p>2-facher \u00f6sterreichischer Unionmeister,<br \/>\n2-facher \u00f6sterreichischer Vize Staatsmeister,<br \/>\nmehrfach steirischer Meister,<br \/>\nstaatlich gepr\u00fcfter Trainer<\/p>\n<p>&nbsp;<\/p>\n<p>&nbsp;<\/p>\n<p>&nbsp;<\/p>\n<p>&nbsp;<\/p>\n<p>&nbsp;<\/p>\n<p><a href=\"https:\/\/www.goldenfighters.at\/wp-db\/wp-content\/uploads\/2013\/05\/D80_2556.jpg\"><img loading=\"lazy\" decoding=\"async\" class=\"alignleft size-medium wp-image-84\" src=\"https:\/\/www.goldenfighters.at\/wp-db\/wp-content\/uploads\/2013\/05\/D80_2556-200x300.jpg\" alt=\"D80_2556\" width=\"200\" height=\"300\" srcset=\"https:\/\/www.goldenfighters.at\/wp-db\/wp-content\/uploads\/2013\/05\/D80_2556-200x300.jpg 200w, https:\/\/www.goldenfighters.at\/wp-db\/wp-content\/uploads\/2013\/05\/D80_2556-683x1024.jpg 683w, https:\/\/www.goldenfighters.at\/wp-db\/wp-content\/uploads\/2013\/05\/D80_2556.jpg 854w\" sizes=\"auto, (max-width: 200px) 100vw, 200px\" \/><\/a><strong>Kassier<\/strong><\/p>\n<p><strong>Bernd Krottmaier<\/strong><\/p>\n<p>&nbsp;<\/p>\n<p>&nbsp;<\/p>\n<p>&nbsp;<\/p>\n<p>&nbsp;<\/p>\n<p>&nbsp;<\/p>\n<p>&nbsp;<\/p>\n<p>&nbsp;<\/p>\n<p><strong>\u00a0\u00a0\u00a0\u00a0\u00a0\u00a0\u00a0\u00a0\u00a0\u00a0\u00a0\u00a0\u00a0\u00a0\u00a0\u00a0\u00a0\u00a0\u00a0\u00a0\u00a0\u00a0\u00a0\u00a0\u00a0\u00a0\u00a0\u00a0\u00a0\u00a0\u00a0\u00a0\u00a0\u00a0\u00a0\u00a0\u00a0\u00a0\u00a0\u00a0\u00a0\u00a0\u00a0\u00a0\u00a0\u00a0\u00a0\u00a0\u00a0\u00a0\u00a0\u00a0\u00a0\u00a0\u00a0\u00a0 \u00a0Schriftf\u00fchrer:<\/strong><\/p>\n<p><strong>\u00a0\u00a0\u00a0\u00a0\u00a0\u00a0\u00a0\u00a0\u00a0\u00a0\u00a0\u00a0\u00a0\u00a0\u00a0\u00a0\u00a0\u00a0\u00a0\u00a0\u00a0\u00a0\u00a0\u00a0\u00a0\u00a0\u00a0\u00a0\u00a0\u00a0\u00a0\u00a0\u00a0\u00a0\u00a0\u00a0\u00a0\u00a0\u00a0\u00a0\u00a0\u00a0\u00a0\u00a0\u00a0\u00a0\u00a0\u00a0\u00a0\u00a0\u00a0\u00a0\u00a0\u00a0\u00a0\u00a0 \u00a0Dr. Julien Magnien<\/strong><\/p>\n<p>&nbsp;<\/p>\n<p>&nbsp;<\/p>\n<p><a href=\"https:\/\/www.goldenfighters.at\/wp-db\/wp-content\/uploads\/2013\/05\/D80_2576.jpg\"><img loading=\"lazy\" decoding=\"async\" class=\"alignleft size-medium wp-image-90\" src=\"https:\/\/www.goldenfighters.at\/wp-db\/wp-content\/uploads\/2013\/05\/D80_2576-200x300.jpg\" alt=\"D80_2576\" width=\"200\" height=\"300\" srcset=\"https:\/\/www.goldenfighters.at\/wp-db\/wp-content\/uploads\/2013\/05\/D80_2576-200x300.jpg 200w, https:\/\/www.goldenfighters.at\/wp-db\/wp-content\/uploads\/2013\/05\/D80_2576-683x1024.jpg 683w, https:\/\/www.goldenfighters.at\/wp-db\/wp-content\/uploads\/2013\/05\/D80_2576.jpg 854w\" sizes=\"auto, (max-width: 200px) 100vw, 200px\" \/><\/a><strong>Trainer:<\/strong><\/p>\n<p><strong>Heimo Allmer<\/strong><\/p>\n<p>&nbsp;<\/p>\n<p>&nbsp;<\/p>\n<p>&nbsp;<\/p>\n<p>&nbsp;<\/p>\n<p>&nbsp;<\/p>\n<p>&nbsp;<\/p>\n<p>&nbsp;<\/p>\n<p>&nbsp;<\/p>\n<p><a href=\"https:\/\/www.goldenfighters.at\/wp-db\/wp-content\/uploads\/2013\/05\/D80_2574.jpg\"><img loading=\"lazy\" decoding=\"async\" class=\"alignleft size-medium wp-image-89\" src=\"https:\/\/www.goldenfighters.at\/wp-db\/wp-content\/uploads\/2013\/05\/D80_2574-200x300.jpg\" alt=\"D80_2574\" width=\"200\" height=\"300\" srcset=\"https:\/\/www.goldenfighters.at\/wp-db\/wp-content\/uploads\/2013\/05\/D80_2574-200x300.jpg 200w, https:\/\/www.goldenfighters.at\/wp-db\/wp-content\/uploads\/2013\/05\/D80_2574-683x1024.jpg 683w, https:\/\/www.goldenfighters.at\/wp-db\/wp-content\/uploads\/2013\/05\/D80_2574.jpg 854w\" sizes=\"auto, (max-width: 200px) 100vw, 200px\" \/><\/a><strong>Trainer:<\/strong><\/p>\n<p><strong>Herbert Mehringer<\/strong><\/p>\n<p>&nbsp;<\/p>\n<p>&nbsp;<\/p>\n<p>&nbsp;<\/p>\n<p>&nbsp;<\/p>\n","protected":false},"excerpt":{"rendered":"<p>\u00dcBER UNS &nbsp; Obmann Alfred Zach 4-facher \u00f6sterreichischer Meister, 8-facher steirischer Meister, 4-facher \u00f6sterreichischer Unionmeister &nbsp; &nbsp; &nbsp; &nbsp; &nbsp; 1. Obmann Stellvertreter Philipp Huber Steir. Meister Halb Welter 2-mal Silber bei der \u00f6sterr. Meisterschaft Leichtgewicht \u00dcbungsleiter des \u00f6sterr. Boxverbandes &hellip; <a href=\"https:\/\/www.goldenfighters.at\/wp-db\/?page_id=14\">Weiterlesen <span class=\"meta-nav\">&rarr;<\/span><\/a><\/p>\n","protected":false},"author":1,"featured_media":0,"parent":0,"menu_order":0,"comment_status":"closed","ping_status":"open","template":"","meta":{"footnotes":""},"class_list":["post-14","page","type-page","status-publish","hentry"],"_links":{"self":[{"href":"https:\/\/www.goldenfighters.at\/wp-db\/index.php?rest_route=\/wp\/v2\/pages\/14","targetHints":{"allow":["GET"]}}],"collection":[{"href":"https:\/\/www.goldenfighters.at\/wp-db\/index.php?rest_route=\/wp\/v2\/pages"}],"about":[{"href":"https:\/\/www.goldenfighters.at\/wp-db\/index.php?rest_route=\/wp\/v2\/types\/page"}],"author":[{"embeddable":true,"href":"https:\/\/www.goldenfighters.at\/wp-db\/index.php?rest_route=\/wp\/v2\/users\/1"}],"replies":[{"embeddable":true,"href":"https:\/\/www.goldenfighters.at\/wp-db\/index.php?rest_route=%2Fwp%2Fv2%2Fcomments&post=14"}],"version-history":[{"count":37,"href":"https:\/\/www.goldenfighters.at\/wp-db\/index.php?rest_route=\/wp\/v2\/pages\/14\/revisions"}],"predecessor-version":[{"id":350,"href":"https:\/\/www.goldenfighters.at\/wp-db\/index.php?rest_route=\/wp\/v2\/pages\/14\/revisions\/350"}],"wp:attachment":[{"href":"https:\/\/www.goldenfighters.at\/wp-db\/index.php?rest_route=%2Fwp%2Fv2%2Fmedia&parent=14"}],"curies":[{"name":"wp","href":"https:\/\/api.w.org\/{rel}","templated":true}]}}